{"id":1879,"date":"2025-05-08T09:32:34","date_gmt":"2025-05-08T13:32:34","guid":{"rendered":"https:\/\/metal.idealroofing.ca\/merci\/"},"modified":"2025-05-23T10:42:00","modified_gmt":"2025-05-23T14:42:00","slug":"merci","status":"publish","type":"page","link":"https:\/\/metal.idealroofing.ca\/fr\/merci\/","title":{"rendered":"Merci"},"content":{"rendered":"\t\t<div data-elementor-type=\"wp-post\" data-elementor-id=\"1879\" class=\"elementor elementor-1879 elementor-599\" data-elementor-post-type=\"page\">\n\t\t\t\t<div class=\"elementor-element elementor-element-85e7afe e-con-full e-flex e-con e-parent\" data-id=\"85e7afe\" data-element_type=\"container\" data-settings=\"{&quot;background_background&quot;:&quot;classic&quot;}\">\n\t\t\t\t<div class=\"elementor-element elementor-element-2444ff5 animated-fast elementor-invisible elementor-widget elementor-widget-image\" data-id=\"2444ff5\" data-element_type=\"widget\" data-settings=\"{&quot;_animation&quot;:&quot;zoomIn&quot;}\" data-widget_type=\"image.default\">\n\t\t\t\t<div class=\"elementor-widget-container\">\n\t\t\t\t\t\t\t\t\t\t\t\t\t\t\t<img fetchpriority=\"high\" decoding=\"async\" width=\"232\" height=\"232\" src=\"https:\/\/metal.idealroofing.ca\/wp-content\/uploads\/icon-thankyou.webp\" class=\"attachment-large size-large wp-image-448\" alt=\"Section Icon\" \/>\t\t\t\t\t\t\t\t\t\t\t\t\t\t\t<\/div>\n\t\t\t\t<\/div>\n\t\t\t\t<div class=\"elementor-element elementor-element-45cfbe8 animated-fast elementor-invisible elementor-widget elementor-widget-heading\" data-id=\"45cfbe8\" data-element_type=\"widget\" data-settings=\"{&quot;_animation&quot;:&quot;zoomIn&quot;}\" data-widget_type=\"heading.default\">\n\t\t\t\t<div class=\"elementor-widget-container\">\n\t\t\t\t\t<h1 class=\"elementor-heading-title elementor-size-default\">Merci!<\/h1>\t\t\t\t<\/div>\n\t\t\t\t<\/div>\n\t\t\t\t<div class=\"elementor-element elementor-element-787d3ee elementor-widget elementor-widget-text-editor\" data-id=\"787d3ee\" data-element_type=\"widget\" data-widget_type=\"text-editor.default\">\n\t\t\t\t<div class=\"elementor-widget-container\">\n\t\t\t\t\t\t\t\t\t<p>Un repr\u00e9sentant prendra contact avec vous personnellement du lundi au vendredi dans les 48 heures pour r\u00e9pondre \u00e0 vos questions.<\/p>\n\t\t\t\t\t\t\t\t<\/div>\n\t\t\t\t<\/div>\n\t\t\t\t<div class=\"elementor-element elementor-element-6026090 elementor-widget elementor-widget-button\" data-id=\"6026090\" data-element_type=\"widget\" data-widget_type=\"button.default\">\n\t\t\t\t<div class=\"elementor-widget-container\">\n\t\t\t\t\t\t\t\t\t<div class=\"elementor-button-wrapper\">\n\t\t\t\t\t<a class=\"elementor-button elementor-button-link elementor-size-sm\" href=\"https:\/\/metal.idealroofing.ca\/fr\/\">\n\t\t\t\t\t\t<span class=\"elementor-button-content-wrapper\">\n\t\t\t\t\t\t\t\t\t<span class=\"elementor-button-text\">Revenir au site<\/span>\n\t\t\t\t\t<\/span>\n\t\t\t\t\t<\/a>\n\t\t\t\t<\/div>\n\t\t\t\t\t\t\t\t<\/div>\n\t\t\t\t<\/div>\n\t\t\t\t<\/div>\n\t\t\t\t<\/div>\n\t\t","protected":false},"excerpt":{"rendered":"<p>Merci! Un repr\u00e9sentant prendra contact avec vous personnellement du lundi au vendredi dans les 48 heures pour r\u00e9pondre \u00e0 vos questions. Revenir au site<\/p>\n","protected":false},"author":1,"featured_media":0,"parent":0,"menu_order":0,"comment_status":"closed","ping_status":"closed","template":"","meta":{"footnotes":""},"class_list":["post-1879","page","type-page","status-publish","hentry"],"yoast_head":"<!-- This site is optimized with the Yoast SEO plugin v25.0 - https:\/\/yoast.com\/wordpress\/plugins\/seo\/ -->\n<title>Merci - Ideal Roofing Metal Roofs<\/title>\n<meta name=\"robots\" content=\"index, follow, max-snippet:-1, max-image-preview:large, max-video-preview:-1\" \/>\n<link rel=\"canonical\" href=\"https:\/\/metal.idealroofing.ca\/fr\/merci\/\" \/>\n<meta property=\"og:locale\" content=\"fr_FR\" \/>\n<meta property=\"og:type\" content=\"article\" \/>\n<meta property=\"og:title\" content=\"Merci - Ideal Roofing Metal Roofs\" \/>\n<meta property=\"og:description\" content=\"Merci! Un repr\u00e9sentant prendra contact avec vous personnellement du lundi au vendredi dans les 48 heures pour r\u00e9pondre \u00e0 vos questions. Revenir au site\" \/>\n<meta property=\"og:url\" content=\"https:\/\/metal.idealroofing.ca\/fr\/merci\/\" \/>\n<meta property=\"og:site_name\" content=\"Ideal Roofing Metal Roofs\" \/>\n<meta property=\"article:modified_time\" content=\"2025-05-23T14:42:00+00:00\" \/>\n<meta property=\"og:image\" content=\"https:\/\/metal.idealroofing.ca\/wp-content\/uploads\/icon-thankyou.webp\" \/>\n\t<meta property=\"og:image:width\" content=\"232\" \/>\n\t<meta property=\"og:image:height\" content=\"232\" \/>\n\t<meta property=\"og:image:type\" content=\"image\/png\" \/>\n<meta name=\"twitter:card\" content=\"summary_large_image\" \/>\n<script type=\"application\/ld+json\" class=\"yoast-schema-graph\">{\"@context\":\"https:\/\/schema.org\",\"@graph\":[{\"@type\":\"WebPage\",\"@id\":\"https:\/\/metal.idealroofing.ca\/fr\/merci\/\",\"url\":\"https:\/\/metal.idealroofing.ca\/fr\/merci\/\",\"name\":\"Merci - Ideal Roofing Metal Roofs\",\"isPartOf\":{\"@id\":\"https:\/\/metal.idealroofing.ca\/fr\/#website\"},\"primaryImageOfPage\":{\"@id\":\"https:\/\/metal.idealroofing.ca\/fr\/merci\/#primaryimage\"},\"image\":{\"@id\":\"https:\/\/metal.idealroofing.ca\/fr\/merci\/#primaryimage\"},\"thumbnailUrl\":\"https:\/\/metal.idealroofing.ca\/wp-content\/uploads\/icon-thankyou.webp\",\"datePublished\":\"2025-05-08T13:32:34+00:00\",\"dateModified\":\"2025-05-23T14:42:00+00:00\",\"breadcrumb\":{\"@id\":\"https:\/\/metal.idealroofing.ca\/fr\/merci\/#breadcrumb\"},\"inLanguage\":\"fr-FR\",\"potentialAction\":[{\"@type\":\"ReadAction\",\"target\":[\"https:\/\/metal.idealroofing.ca\/fr\/merci\/\"]}]},{\"@type\":\"ImageObject\",\"inLanguage\":\"fr-FR\",\"@id\":\"https:\/\/metal.idealroofing.ca\/fr\/merci\/#primaryimage\",\"url\":\"https:\/\/metal.idealroofing.ca\/wp-content\/uploads\/icon-thankyou.webp\",\"contentUrl\":\"https:\/\/metal.idealroofing.ca\/wp-content\/uploads\/icon-thankyou.webp\"},{\"@type\":\"BreadcrumbList\",\"@id\":\"https:\/\/metal.idealroofing.ca\/fr\/merci\/#breadcrumb\",\"itemListElement\":[{\"@type\":\"ListItem\",\"position\":1,\"name\":\"Home\",\"item\":\"https:\/\/metal.idealroofing.ca\/fr\/\"},{\"@type\":\"ListItem\",\"position\":2,\"name\":\"Merci\"}]},{\"@type\":\"WebSite\",\"@id\":\"https:\/\/metal.idealroofing.ca\/fr\/#website\",\"url\":\"https:\/\/metal.idealroofing.ca\/fr\/\",\"name\":\"Ideal Roofing Metal Roofs\",\"description\":\"Find out why an Ideal Roofing metal roof may be the best solution for you.\",\"potentialAction\":[{\"@type\":\"SearchAction\",\"target\":{\"@type\":\"EntryPoint\",\"urlTemplate\":\"https:\/\/metal.idealroofing.ca\/fr\/?s={search_term_string}\"},\"query-input\":{\"@type\":\"PropertyValueSpecification\",\"valueRequired\":true,\"valueName\":\"search_term_string\"}}],\"inLanguage\":\"fr-FR\"}]}<\/script>\n<!-- \/ Yoast SEO plugin. -->","yoast_head_json":{"title":"Merci - Ideal Roofing Metal Roofs","robots":{"index":"index","follow":"follow","max-snippet":"max-snippet:-1","max-image-preview":"max-image-preview:large","max-video-preview":"max-video-preview:-1"},"canonical":"https:\/\/metal.idealroofing.ca\/fr\/merci\/","og_locale":"fr_FR","og_type":"article","og_title":"Merci - Ideal Roofing Metal Roofs","og_description":"Merci! Un repr\u00e9sentant prendra contact avec vous personnellement du lundi au vendredi dans les 48 heures pour r\u00e9pondre \u00e0 vos questions. Revenir au site","og_url":"https:\/\/metal.idealroofing.ca\/fr\/merci\/","og_site_name":"Ideal Roofing Metal Roofs","article_modified_time":"2025-05-23T14:42:00+00:00","og_image":[{"width":232,"height":232,"url":"https:\/\/metal.idealroofing.ca\/wp-content\/uploads\/icon-thankyou.webp","type":"image\/png"}],"twitter_card":"summary_large_image","schema":{"@context":"https:\/\/schema.org","@graph":[{"@type":"WebPage","@id":"https:\/\/metal.idealroofing.ca\/fr\/merci\/","url":"https:\/\/metal.idealroofing.ca\/fr\/merci\/","name":"Merci - Ideal Roofing Metal Roofs","isPartOf":{"@id":"https:\/\/metal.idealroofing.ca\/fr\/#website"},"primaryImageOfPage":{"@id":"https:\/\/metal.idealroofing.ca\/fr\/merci\/#primaryimage"},"image":{"@id":"https:\/\/metal.idealroofing.ca\/fr\/merci\/#primaryimage"},"thumbnailUrl":"https:\/\/metal.idealroofing.ca\/wp-content\/uploads\/icon-thankyou.webp","datePublished":"2025-05-08T13:32:34+00:00","dateModified":"2025-05-23T14:42:00+00:00","breadcrumb":{"@id":"https:\/\/metal.idealroofing.ca\/fr\/merci\/#breadcrumb"},"inLanguage":"fr-FR","potentialAction":[{"@type":"ReadAction","target":["https:\/\/metal.idealroofing.ca\/fr\/merci\/"]}]},{"@type":"ImageObject","inLanguage":"fr-FR","@id":"https:\/\/metal.idealroofing.ca\/fr\/merci\/#primaryimage","url":"https:\/\/metal.idealroofing.ca\/wp-content\/uploads\/icon-thankyou.webp","contentUrl":"https:\/\/metal.idealroofing.ca\/wp-content\/uploads\/icon-thankyou.webp"},{"@type":"BreadcrumbList","@id":"https:\/\/metal.idealroofing.ca\/fr\/merci\/#breadcrumb","itemListElement":[{"@type":"ListItem","position":1,"name":"Home","item":"https:\/\/metal.idealroofing.ca\/fr\/"},{"@type":"ListItem","position":2,"name":"Merci"}]},{"@type":"WebSite","@id":"https:\/\/metal.idealroofing.ca\/fr\/#website","url":"https:\/\/metal.idealroofing.ca\/fr\/","name":"Ideal Roofing Metal Roofs","description":"Find out why an Ideal Roofing metal roof may be the best solution for you.","potentialAction":[{"@type":"SearchAction","target":{"@type":"EntryPoint","urlTemplate":"https:\/\/metal.idealroofing.ca\/fr\/?s={search_term_string}"},"query-input":{"@type":"PropertyValueSpecification","valueRequired":true,"valueName":"search_term_string"}}],"inLanguage":"fr-FR"}]}},"_links":{"self":[{"href":"https:\/\/metal.idealroofing.ca\/fr\/wp-json\/wp\/v2\/pages\/1879","targetHints":{"allow":["GET"]}}],"collection":[{"href":"https:\/\/metal.idealroofing.ca\/fr\/wp-json\/wp\/v2\/pages"}],"about":[{"href":"https:\/\/metal.idealroofing.ca\/fr\/wp-json\/wp\/v2\/types\/page"}],"author":[{"embeddable":true,"href":"https:\/\/metal.idealroofing.ca\/fr\/wp-json\/wp\/v2\/users\/1"}],"replies":[{"embeddable":true,"href":"https:\/\/metal.idealroofing.ca\/fr\/wp-json\/wp\/v2\/comments?post=1879"}],"version-history":[{"count":1,"href":"https:\/\/metal.idealroofing.ca\/fr\/wp-json\/wp\/v2\/pages\/1879\/revisions"}],"predecessor-version":[{"id":2023,"href":"https:\/\/metal.idealroofing.ca\/fr\/wp-json\/wp\/v2\/pages\/1879\/revisions\/2023"}],"wp:attachment":[{"href":"https:\/\/metal.idealroofing.ca\/fr\/wp-json\/wp\/v2\/media?parent=1879"}],"curies":[{"name":"wp","href":"https:\/\/api.w.org\/{rel}","templated":true}]}}